{"id":72,"date":"2019-01-13T13:48:43","date_gmt":"2019-01-13T10:48:43","guid":{"rendered":"https:\/\/almerdisticaret.com\/?page_id=72"},"modified":"2023-11-12T00:41:21","modified_gmt":"2023-11-11T21:41:21","slug":"hakkimizda","status":"publish","type":"page","link":"https:\/\/almerdisticaret.com\/index.php\/hakkimizda\/","title":{"rendered":"Hakk\u0131m\u0131zda"},"content":{"rendered":"<div class=\"wpb-content-wrapper\">[vc_row][vc_column]<div class=\"vcex-spacing wpex-w-100 wpex-clear\" style=\"height:50px;\"><\/div><style>.vcex-heading.vcex_69dfdcf37d82d{color:#000000;font-size:24px;font-family:Montserrat;font-weight:900;}<\/style><h1 class=\"vcex-heading vcex-heading-plain vcex-module wpex-heading wpex-text-2xl wpex-text-center  wpb_animate_when_almost_visible wpb_fadeInUp fadeInUp vcex_69dfdcf37d82d\"><span class=\"vcex-heading-inner wpex-inline-block\">ALMER DI\u015e T\u0130CARET<\/span><\/h1><div class=\"vcex-spacing wpex-w-100 wpex-clear\" style=\"height:25px;\"><\/div><style>.vcex-heading.vcex_69dfdcf3813ae{color:#000000;font-size:16px;font-family:Montserrat;font-weight:400;}<\/style><h2 class=\"vcex-heading vcex-heading-plain vcex-module wpex-heading wpex-text-2xl wpex-text-center  wpb_animate_when_almost_visible wpb_fadeInUp fadeInUp vcex_69dfdcf3813ae\"><span class=\"vcex-heading-inner wpex-inline-block\">\u0130stanbul'da hizmete a\u00e7m\u0131\u015f oldu\u011fu \u015firketimiz T\u00fcrkiye\u00b4de \u00fcretilen T\u00fcrk markalar\u0131n\u0131 rekabet\u00e7i fiyat politikas\u0131yla ve \u00fcst\u00fcn hizmet kalitesiyle D\u00fcnya pazarlar\u0131na sunuyor. \u015eehrin co\u011frafi konumu ve tarihi \u00f6nemi, T\u00fcrk markalar\u0131n\u0131n uluslararas\u0131 arenada \u00f6ne \u00e7\u0131kmas\u0131n\u0131 sa\u011flayan bir avantaj sunmaktad\u0131r. Almer D\u0131\u015f Ticaret, sadece rekabet\u00e7i fiyat politikas\u0131yla de\u011fil ayn\u0131 zamanda y\u00fcksek kaliteli \u00fcr\u00fcn ve hizmetleriyle de \u00f6ne \u00e7\u0131kmay\u0131 hedeflemektedir. Yerel ve milli \u00fcretimdeki markalar\u0131m\u0131za vurgu yaparak, T\u00fcrk markalar\u0131n\u0131n \u00f6zg\u00fcn ve kaliteli \u00fcr\u00fcnlerini d\u00fcnya pazarlar\u0131na sunmay\u0131 ama\u00e7lamaktad\u0131r. Ayr\u0131ca, \u015firketimiz m\u00fc\u015fterilere sadece \u00fcr\u00fcn sat\u0131\u015f\u0131 de\u011fil, ayn\u0131 zamanda sat\u0131\u015f sonras\u0131 destek, m\u00fc\u015fteri memnuniyeti odakl\u0131 hizmetler ve \u00f6zel taleplere y\u00f6nelik \u00e7\u00f6z\u00fcmler sunarak kapsaml\u0131 bir hizmet yakla\u015f\u0131m\u0131 benimsemektedir. Bu, T\u00fcrk markalar\u0131n\u0131n m\u00fc\u015fteri sadakatini kazanarak uluslararas\u0131 pazarda g\u00fc\u00e7l\u00fc bir varl\u0131k olmalar\u0131na katk\u0131 sa\u011flamaktad\u0131r. Bu giri\u015fim, T\u00fcrkiye'nin ekonomik b\u00fcy\u00fcmesine katk\u0131da bulunman\u0131n yan\u0131 s\u0131ra T\u00fcrk \u00fcr\u00fcnlerini ve kalitesini d\u00fcnya genelinde daha fazla tan\u0131tmay\u0131 ama\u00e7lamaktad\u0131r. B\u00f6ylece, \u0130stanbul'daki bu \u015firketimiz, T\u00fcrk markalar\u0131n\u0131n k\u00fcresel rekabet i\u00e7inde \u00f6ne \u00e7\u0131kmas\u0131na olanak tan\u0131yan bir k\u00f6pr\u00fc g\u00f6revi \u00fcstlenmektedir.<\/span><\/h2><div class=\"vcex-spacing wpex-w-100 wpex-clear\" style=\"height:50px;\"><\/div><style>.vcex-heading.vcex_69dfdcf381ba3{color:#000000;font-size:24px;font-family:Montserrat;font-weight:900;}<\/style><h1 class=\"vcex-heading vcex-heading-plain vcex-module wpex-heading wpex-text-2xl wpex-text-center  wpb_animate_when_almost_visible wpb_fadeInUp fadeInUp vcex_69dfdcf381ba3\"><span class=\"vcex-heading-inner wpex-inline-block\">Vizyonumuz<\/span><\/h1><div class=\"vcex-spacing wpex-w-100 wpex-clear\" style=\"height:25px;\"><\/div><div class=\"vcex-module vcex-divider vcex-divider-solid vcex-divider-center wpex-mx-auto wpex-max-w-100 wpex-block wpex-h-0 wpex-border-b wpex-border-solid wpex-border-main\" style=\"width:100px;border-bottom-width:3px;border-color:#dd3333;\"><\/div><div class=\"vcex-spacing wpex-w-100 wpex-clear\" style=\"height:25px;\"><\/div><style>.vcex-heading.vcex_69dfdcf382cc2{color:#000000;font-size:16px;font-family:Montserrat;font-weight:400;}<\/style><h2 class=\"vcex-heading vcex-heading-plain vcex-module wpex-heading wpex-text-2xl wpex-text-center  wpb_animate_when_almost_visible wpb_fadeInUp fadeInUp vcex_69dfdcf382cc2\"><span class=\"vcex-heading-inner wpex-inline-block\">Toplam Kalite Y\u00f6netimi prensipleri do\u011frultusunda, ihracat ve ithalat sekt\u00f6r\u00fcnde \u00f6nc\u00fc bir konuma ula\u015fmay\u0131 ama\u00e7l\u0131yoruz. Teknolojinin h\u0131zla ilerledi\u011fi ve d\u00fcnyan\u0131n giderek k\u00fc\u00e7\u00fcld\u00fc\u011f\u00fc g\u00fcn\u00fcm\u00fczde, bilin\u00e7li t\u00fcketicilerin de\u011fi\u015fen tercihlerine an\u0131nda yan\u0131t verebilmek i\u00e7in \u00fcr\u00fcn yelpazemizi geni\u015fleterek \u00e7e\u015fitlendiriyoruz. Bu s\u00fcre\u00e7te, \u00fcr\u00fcnlerimizi sadece kalite standartlar\u0131na uygun olarak de\u011fil, ayn\u0131 zamanda k\u00fclt\u00fcrel ve yerel \u00f6zelliklere sayg\u0131 g\u00f6stererek \u00fcretiyoruz. Bu, asl\u0131na uygun ve zengin bir \u00fcr\u00fcn portf\u00f6y\u00fc olu\u015fturmam\u0131za olanak sa\u011flarken, ayn\u0131 zamanda m\u00fc\u015fteri memnuniyetini en \u00fcst d\u00fczeye \u00e7\u0131karmay\u0131 hedefliyoruz. K\u00fcresel pazarlarda \u00fcr\u00fcnlerimizi tan\u0131tmak ve s\u00fcrd\u00fcr\u00fclebilir bir ticaret a\u011f\u0131 olu\u015fturmak ad\u0131na, y\u00fcksek hizmet standartlar\u0131m\u0131z ve g\u00fcvenilir \u00fcr\u00fcnlerimizle m\u00fc\u015fterilerimizle sa\u011flam bir ba\u011f kurmay\u0131 ama\u00e7l\u0131yoruz. Uzun vadeli i\u015f ili\u015fkileri kurma ve m\u00fc\u015fteri sadakatini g\u00fc\u00e7lendirme konular\u0131nda odaklanarak, d\u00fcnya genelinde tan\u0131nan ve tercih edilen bir marka olma vizyonumuzu peki\u015ftiriyoruz. Bu ba\u011flamda, T\u00fcrkiye'nin ticaretine de\u011fer katmay\u0131 s\u00fcrd\u00fcrece\u011fimiz gibi, k\u00fcresel d\u00fczeyde ticaretin s\u00fcrd\u00fcr\u00fclebilirli\u011fine katk\u0131da bulunmay\u0131 da ama\u00e7l\u0131yoruz.<\/span><\/h2><div class=\"vcex-spacing wpex-w-100 wpex-clear\" style=\"height:50px;\"><\/div><style>.vcex-heading.vcex_69dfdcf383472{color:#000000;font-size:24px;font-family:Montserrat;font-weight:900;}<\/style><h1 class=\"vcex-heading vcex-heading-plain vcex-module wpex-heading wpex-text-2xl wpex-text-center  wpb_animate_when_almost_visible wpb_fadeInUp fadeInUp vcex_69dfdcf383472\"><span class=\"vcex-heading-inner wpex-inline-block\">Misyonumuz<\/span><\/h1><div class=\"vcex-spacing wpex-w-100 wpex-clear\" style=\"height:25px;\"><\/div><div class=\"vcex-module vcex-divider vcex-divider-solid vcex-divider-center wpex-mx-auto wpex-max-w-100 wpex-block wpex-h-0 wpex-border-b wpex-border-solid wpex-border-main\" style=\"width:100px;border-bottom-width:3px;border-color:#dd3333;\"><\/div><div class=\"vcex-spacing wpex-w-100 wpex-clear\" style=\"height:25px;\"><\/div><style>.vcex-heading.vcex_69dfdcf384276{color:#000000;font-size:16px;font-family:Montserrat;font-weight:400;}<\/style><h2 class=\"vcex-heading vcex-heading-plain vcex-module wpex-heading wpex-text-2xl wpex-text-center  wpb_animate_when_almost_visible wpb_fadeInUp fadeInUp vcex_69dfdcf384276\"><span class=\"vcex-heading-inner wpex-inline-block\">Misyonumuz, \u00e7evreye sayg\u0131l\u0131 ve duyarl\u0131 bir perspektifle, kalite odakl\u0131 yenilik ve geli\u015fmelere a\u00e7\u0131k bir \u015fekilde \u00fclke ekonomisine katk\u0131da bulunmak ve global bir \u015firket olmakt\u0131r. Ayn\u0131 zamanda, insanl\u0131\u011fa fayda sa\u011flayan \u00fcr\u00fcnleri \u00fcretme ve bu \u00fcr\u00fcnleri d\u00fcnya genelindeki t\u00fcketicilerle bulu\u015fturma amac\u0131m\u0131z\u0131n yan\u0131 s\u0131ra, toplumun refah\u0131na olumlu katk\u0131larda bulunmak ve s\u00fcrd\u00fcr\u00fclebilir bir gelecek i\u00e7in \u00e7aba sarf etmek de temel hedeflerimiz aras\u0131nda yer almaktad\u0131r. Bu do\u011frultuda, e\u011fitim, sa\u011fl\u0131k, \u00e7evre ve sosyal sorumluluk alanlar\u0131nda projeler geli\u015ftirerek, etik de\u011ferlere ba\u011fl\u0131 bir \u015fekilde faaliyet g\u00f6stererek, toplumlar\u0131n ya\u015fam kalitesini art\u0131rmak ve g\u00fc\u00e7lendirmek i\u00e7in \u00e7e\u015fitli platformlarda aktif rol oynamay\u0131 ama\u00e7l\u0131yoruz.<\/span><\/h2>[\/vc_column][\/vc_row][vc_row][vc_column]<div class=\"vcex-spacing wpex-w-100 wpex-clear\" style=\"height:25px;\"><\/div><style>.vcex-heading.vcex_69dfdcf384a48{color:#000000;font-size:24px;font-family:Montserrat;font-weight:900;}<\/style><h1 class=\"vcex-heading vcex-heading-plain vcex-module wpex-heading wpex-text-2xl wpex-text-center  wpb_animate_when_almost_visible wpb_fadeInUp fadeInUp vcex_69dfdcf384a48\"><span class=\"vcex-heading-inner wpex-inline-block\">M\u00fc\u015fteri Memnuniyeti<\/span><\/h1><div class=\"vcex-spacing wpex-w-100 wpex-clear\" style=\"height:25px;\"><\/div><div class=\"vcex-module vcex-divider vcex-divider-solid vcex-divider-center wpex-mx-auto wpex-max-w-100 wpex-block wpex-h-0 wpex-border-b wpex-border-solid wpex-border-main\" style=\"width:100px;border-bottom-width:3px;border-color:#dd3333;\"><\/div><div class=\"vcex-spacing wpex-w-100 wpex-clear\" style=\"height:25px;\"><\/div><style>.vcex-heading.vcex_69dfdcf385736{color:#000000;font-size:16px;font-family:Montserrat;font-weight:400;}<\/style><h2 class=\"vcex-heading vcex-heading-plain vcex-module wpex-heading wpex-text-2xl wpex-text-center  wpb_animate_when_almost_visible wpb_fadeInUp fadeInUp vcex_69dfdcf385736\"><span class=\"vcex-heading-inner wpex-inline-block\">Almer D\u0131\u015f Ticaret olarak, m\u00fc\u015fteri memnuniyetini en \u00fcst d\u00fczeye \u00e7\u0131karmak ve s\u00fcrd\u00fcrmek amac\u0131yla titizlikle \u00e7al\u0131\u015f\u0131yoruz. M\u00fc\u015fterilerimizin \u00f6dedikleri \u00fccretin kar\u015f\u0131l\u0131\u011f\u0131n\u0131 eksiksiz bir \u015fekilde almalar\u0131n\u0131 sa\u011flamak i\u00e7in \u00fcr\u00fcn ve hizmetlerimizi s\u00fcrekli olarak geli\u015ftiriyoruz. Ayr\u0131ca, m\u00fc\u015fterilerimizle aktif ileti\u015fim kurarak gelen talep ve istekleri dikkate al\u0131yor ve bu do\u011frultuda esnek bir \u00e7al\u0131\u015fma anlay\u0131\u015f\u0131 benimsiyoruz. M\u00fc\u015fterilerimizin beklentilerini a\u015fmak, onlar\u0131n i\u015f deneyimini olumlu bir \u015fekilde etkilemek ve uzun vadeli g\u00fcvenilir i\u015f ili\u015fkileri kurmak i\u00e7in elinden gelenin en iyisini yapmaya kararl\u0131 bir \u015fekilde devam ediyoruz.<\/span><\/h2><div class=\"vcex-spacing wpex-w-100 wpex-clear\" style=\"height:50px;\"><\/div><style>.vcex-heading.vcex_69dfdcf385ebe{color:#000000;font-size:24px;font-family:Montserrat;font-weight:900;}<\/style><h1 class=\"vcex-heading vcex-heading-plain vcex-module wpex-heading wpex-text-2xl wpex-text-center  wpb_animate_when_almost_visible wpb_fadeInUp fadeInUp vcex_69dfdcf385ebe\"><span class=\"vcex-heading-inner wpex-inline-block\">\u015eeffafl\u0131k<\/span><\/h1><div class=\"vcex-spacing wpex-w-100 wpex-clear\" style=\"height:25px;\"><\/div><div class=\"vcex-module vcex-divider vcex-divider-solid vcex-divider-center wpex-mx-auto wpex-max-w-100 wpex-block wpex-h-0 wpex-border-b wpex-border-solid wpex-border-main\" style=\"width:100px;border-bottom-width:3px;border-color:#dd3333;\"><\/div><div class=\"vcex-spacing wpex-w-100 wpex-clear\" style=\"height:25px;\"><\/div><style>.vcex-heading.vcex_69dfdcf386bbe{color:#000000;font-size:16px;font-family:Montserrat;font-weight:400;}<\/style><h2 class=\"vcex-heading vcex-heading-plain vcex-module wpex-heading wpex-text-2xl wpex-text-center  wpb_animate_when_almost_visible wpb_fadeInUp fadeInUp vcex_69dfdcf386bbe\"><span class=\"vcex-heading-inner wpex-inline-block\">Tedarik\u00e7ilerimiz ve bayilerimizle olan ili\u015fkilerimizi s\u00fcrd\u00fcr\u00fcrken, \u015feffafl\u0131k ilkesini en \u00fcst d\u00fczeye \u00e7\u0131karmaya \u00f6zel bir \u00f6nem veriyoruz. \u0130\u015f ortaklar\u0131m\u0131zla aram\u0131zdaki g\u00fcveni peki\u015ftirmek ad\u0131na, s\u00fcre\u00e7lerimizi a\u00e7\u0131k bir \u015fekilde payla\u015farak her iki taraf\u0131n da beklentilerini net bir bi\u00e7imde anlamaya \u00e7al\u0131\u015f\u0131yoruz. Tedarik zinciri s\u00fcre\u00e7lerimizi \u015feffaf bir \u015fekilde y\u00f6netmek, s\u00fcrd\u00fcr\u00fclebilirlik, etik de\u011ferler ve kalite standartlar\u0131 konular\u0131nda daha sa\u011flam bir temel olu\u015fturmam\u0131za yard\u0131mc\u0131 oluyor. Bu sayede, t\u00fcm payda\u015flar\u0131m\u0131zla sa\u011flam, g\u00fcvenilir ve \u015feffaf bir i\u015f ili\u015fkisi s\u00fcrd\u00fcrerek, kar\u015f\u0131l\u0131kl\u0131 ba\u015far\u0131ya odaklanmaya devam ediyoruz.<\/span><\/h2>[\/vc_column][\/vc_row]\n<\/div>","protected":false},"excerpt":{"rendered":"<p>[vc_row][vc_column][\/vc_column][\/vc_row][vc_row][vc_column][\/vc_column][\/vc_row]<\/p>\n","protected":false},"author":1,"featured_media":0,"parent":0,"menu_order":0,"comment_status":"closed","ping_status":"closed","template":"","meta":{"footnotes":""},"class_list":["post-72","page","type-page","status-publish","hentry","entry","no-media"],"_links":{"self":[{"href":"https:\/\/almerdisticaret.com\/index.php\/wp-json\/wp\/v2\/pages\/72","targetHints":{"allow":["GET"]}}],"collection":[{"href":"https:\/\/almerdisticaret.com\/index.php\/wp-json\/wp\/v2\/pages"}],"about":[{"href":"https:\/\/almerdisticaret.com\/index.php\/wp-json\/wp\/v2\/types\/page"}],"author":[{"embeddable":true,"href":"https:\/\/almerdisticaret.com\/index.php\/wp-json\/wp\/v2\/users\/1"}],"replies":[{"embeddable":true,"href":"https:\/\/almerdisticaret.com\/index.php\/wp-json\/wp\/v2\/comments?post=72"}],"version-history":[{"count":5,"href":"https:\/\/almerdisticaret.com\/index.php\/wp-json\/wp\/v2\/pages\/72\/revisions"}],"predecessor-version":[{"id":113,"href":"https:\/\/almerdisticaret.com\/index.php\/wp-json\/wp\/v2\/pages\/72\/revisions\/113"}],"wp:attachment":[{"href":"https:\/\/almerdisticaret.com\/index.php\/wp-json\/wp\/v2\/media?parent=72"}],"curies":[{"name":"wp","href":"https:\/\/api.w.org\/{rel}","templated":true}]}}